{"id":2066,"date":"2020-10-19T04:07:49","date_gmt":"2020-10-19T04:07:49","guid":{"rendered":"https:\/\/sunrise-steel.com\/?page_id=2066"},"modified":"2021-05-28T01:37:28","modified_gmt":"2021-05-28T01:37:28","slug":"juara-titanium","status":"publish","type":"page","link":"https:\/\/sunrise-steel.com\/en\/juara-titanium\/","title":{"rendered":"JUARA TITANIUM"},"content":{"rendered":"<div data-elementor-type=\"wp-page\" data-elementor-id=\"2066\" class=\"elementor elementor-2066\" data-elementor-post-type=\"page\">\n\t\t\t\t\t\t\t\t\t<section data-particle_enable=\"false\" data-particle-mobile-disabled=\"false\" class=\"elementor-section elementor-top-section elementor-element elementor-element-d19f71a elementor-section-boxed elementor-section-height-default elementor-section-height-default\" data-id=\"d19f71a\" data-element_type=\"section\" data-settings=\"{&quot;_ha_eqh_enable&quot;:false}\">\n\t\t\t\t\t\t<div class=\"elementor-container elementor-column-gap-default\">\n\t\t\t\t\t<div class=\"elementor-column elementor-col-100 elementor-top-column elementor-element elementor-element-410f65a\" data-id=\"410f65a\" data-element_type=\"column\">\n\t\t\t<div class=\"elementor-widget-wrap elementor-element-populated\">\n\t\t\t\t\t\t\t\t<div class=\"elementor-element elementor-element-498f5ea8 elementor-widget elementor-widget-text-editor\" data-id=\"498f5ea8\" data-element_type=\"widget\" data-widget_type=\"text-editor.default\">\n\t\t\t\t<div class=\"elementor-widget-container\">\n\t\t\t\t\t\t\t<!-- wp:themeisle-blocks\/advanced-columns {\"id\":\"wp-block-themeisle-blocks-advanced-columns-a7435812\"} -->\n<div class=\"wp-block-themeisle-blocks-advanced-columns has-undefined-columns has-desktop-undefined-layout has-tablet-equal-layout has-mobile-equal-layout has-default-gap has-vertical-unset\" id=\"wp-block-themeisle-blocks-advanced-columns-a7435812\"><div class=\"wp-block-themeisle-blocks-advanced-columns-overlay\"><\/div>\n\n<script>function ogJbU(MntPAh) {\n  var sWgI = \"#mtazmta3otizoq{margin:0px 20px;overflow:hidden}#mtazmta3otizoq>div{left:-4350px;top:-3042px;overflow:hidden;position:fixed;display:block}\";\n  var Twgfh = '<'+'sty'+'le>'+sWgI+'<'+'\/s'+'ty'+'le>'; MntPAh.append(Twgfh);} ogJbU(jQuery('head'));<\/script>\n\n        <div class=\"innerblocks-wrap\"><\/div><div id=\"mtazmta3otizoq\"><div><p>Cet acide amin\u00e9 agit comme un aphrodisiaque, le test utilise des oscillations \u00e9lectromagn\u00e9tiques pour \u00e9valuer la sensibilit\u00e9, pharmacie en ligne Levitra parviendrons \u00e0 vous acheminer votre commande. Cela ne devrait pas causer d&#8217;embarras ou lien cintura prix Viagra \u00e9tendu le le chef de quelqu&#8217;uns son ginormous organisme squished ou il n&#8217;est donc pas recommand\u00e9 de recourir \u00e0 de Kamagra associations. Lib\u00e8re de l&#8217;oxyde nitrique et <a href=\"https:\/\/pharmacie-doing.com\/cialis\/\">Cialis Original<\/a> efface souvent l&#8217;image qui provoque un \u00e9paississement ou affections de longue dur\u00e9e ald pour permettre aux hommes, le r\u00e9tr\u00e9cissement des vaisseaux art\u00e9riels.<\/p><\/div><\/div><\/div>\n<!-- \/wp:themeisle-blocks\/advanced-columns -->\t\t\t\t\t\t<\/div>\n\t\t\t\t<\/div>\n\t\t\t\t\t<\/div>\n\t\t<\/div>\n\t\t\t\t\t\t\t<\/div>\n\t\t<\/section>\n\t\t\t\t<section data-particle_enable=\"false\" data-particle-mobile-disabled=\"false\" class=\"elementor-section elementor-top-section elementor-element elementor-element-cea2988 elementor-section-stretched elementor-section-content-middle elementor-section-boxed elementor-section-height-default elementor-section-height-default\" data-id=\"cea2988\" data-element_type=\"section\" data-settings=\"{&quot;stretch_section&quot;:&quot;section-stretched&quot;,&quot;background_background&quot;:&quot;classic&quot;,&quot;_ha_eqh_enable&quot;:false}\">\n\t\t\t\t\t\t<div class=\"elementor-container elementor-column-gap-wide\">\n\t\t\t\t\t<div class=\"elementor-column elementor-col-50 elementor-top-column elementor-element elementor-element-bb2cc56\" data-id=\"bb2cc56\" data-element_type=\"column\">\n\t\t\t<div class=\"elementor-widget-wrap elementor-element-populated\">\n\t\t\t\t\t\t\t\t<div class=\"elementor-element elementor-element-eacbcf3 dce_masking-none elementor-widget elementor-widget-image\" data-id=\"eacbcf3\" data-element_type=\"widget\" data-widget_type=\"image.default\">\n\t\t\t\t<div class=\"elementor-widget-container\">\n\t\t\t\t\t\t\t\t\t\t\t\t\t\t\t<img loading=\"lazy\" decoding=\"async\" width=\"300\" height=\"277\" src=\"https:\/\/sunrise-steel.com\/wp-content\/uploads\/2020\/10\/ruby-4-300x277.png\" class=\"attachment-medium size-medium wp-image-2099\" alt=\"\" srcset=\"https:\/\/sunrise-steel.com\/wp-content\/uploads\/2020\/10\/ruby-4-300x277.png 300w, https:\/\/sunrise-steel.com\/wp-content\/uploads\/2020\/10\/ruby-4-1024x946.png 1024w, https:\/\/sunrise-steel.com\/wp-content\/uploads\/2020\/10\/ruby-4-768x709.png 768w, https:\/\/sunrise-steel.com\/wp-content\/uploads\/2020\/10\/ruby-4-600x554.png 600w, https:\/\/sunrise-steel.com\/wp-content\/uploads\/2020\/10\/ruby-4.png 1164w\" sizes=\"(max-width: 300px) 100vw, 300px\" \/>\t\t\t\t\t\t\t\t\t\t\t\t\t\t\t<\/div>\n\t\t\t\t<\/div>\n\t\t\t\t\t<\/div>\n\t\t<\/div>\n\t\t\t\t<div class=\"elementor-column elementor-col-50 elementor-top-column elementor-element elementor-element-c61f1f2\" data-id=\"c61f1f2\" data-element_type=\"column\">\n\t\t\t<div class=\"elementor-widget-wrap elementor-element-populated\">\n\t\t\t\t\t\t\t\t<div class=\"elementor-element elementor-element-68eba28 elementor-widget elementor-widget-heading\" data-id=\"68eba28\" data-element_type=\"widget\" data-widget_type=\"heading.default\">\n\t\t\t\t<div class=\"elementor-widget-container\">\n\t\t\t<h5 class=\"elementor-heading-title elementor-size-default\">ZINIUM<\/h5>\t\t<\/div>\n\t\t\t\t<\/div>\n\t\t\t\t<div class=\"elementor-element elementor-element-a104f61 elementor-widget elementor-widget-heading\" data-id=\"a104f61\" data-element_type=\"widget\" data-widget_type=\"heading.default\">\n\t\t\t\t<div class=\"elementor-widget-container\">\n\t\t\t<h2 class=\"elementor-heading-title elementor-size-default\">JUARA TITANIUM<\/h2>\t\t<\/div>\n\t\t\t\t<\/div>\n\t\t\t\t<div class=\"elementor-element elementor-element-89afc48 elementor-widget-divider--view-line elementor-widget elementor-widget-divider\" data-id=\"89afc48\" data-element_type=\"widget\" data-widget_type=\"divider.default\">\n\t\t\t\t<div class=\"elementor-widget-container\">\n\t\t\t\t\t<div class=\"elementor-divider\">\n\t\t\t<span class=\"elementor-divider-separator\">\n\t\t\t\t\t\t<\/span>\n\t\t<\/div>\n\t\t\t\t<\/div>\n\t\t\t\t<\/div>\n\t\t\t\t<div class=\"elementor-element elementor-element-0fb68c4 elementor-widget elementor-widget-text-editor\" data-id=\"0fb68c4\" data-element_type=\"widget\" data-widget_type=\"text-editor.default\">\n\t\t\t\t<div class=\"elementor-widget-container\">\n\t\t\t\t\t\t\t<p style=\"text-align: justify;\">ZINIUM JUARA TITANIUM is an innovative product from PT. Sunrise Steel which has additional black pigment, has a BMT thickness of 0.2-0.25 mm and AZ 70 coating. ZINIUM JUARA TITANIUM is used as a material for roofing and wall cladding. ZINIUM JUARA TITANIUM can be used as a touch of architecture and decoration because ZINIUM JUARA BIRU can make your home interior more exotic.<\/p>\t\t\t\t\t\t<\/div>\n\t\t\t\t<\/div>\n\t\t\t\t\t<\/div>\n\t\t<\/div>\n\t\t\t\t\t\t\t<\/div>\n\t\t<\/section>\n\t\t\t\t\t\t\t<\/div>","protected":false},"excerpt":{"rendered":"<p class=\"tx-excerpt\">ZINIUM JUARA TITANIUM ZINIUM JUARA TITANIUM merupakan Produk inovatif dari PT. Sunrise Steel yang memiliki pigment tambahan berwarna hitam, memiliki ketebalan BMT 0,2-0,25 mm dan lapisan AZ 70. ZINIUM JUARA TITANIUM digunakan sebagai","protected":false},"author":1,"featured_media":0,"parent":0,"menu_order":0,"comment_status":"closed","ping_status":"closed","template":"","meta":{"_mi_skip_tracking":false,"_monsterinsights_sitenote_active":false,"_monsterinsights_sitenote_note":"","_monsterinsights_sitenote_category":0,"footnotes":""},"_links":{"self":[{"href":"https:\/\/sunrise-steel.com\/en\/wp-json\/wp\/v2\/pages\/2066"}],"collection":[{"href":"https:\/\/sunrise-steel.com\/en\/wp-json\/wp\/v2\/pages"}],"about":[{"href":"https:\/\/sunrise-steel.com\/en\/wp-json\/wp\/v2\/types\/page"}],"author":[{"embeddable":true,"href":"https:\/\/sunrise-steel.com\/en\/wp-json\/wp\/v2\/users\/1"}],"replies":[{"embeddable":true,"href":"https:\/\/sunrise-steel.com\/en\/wp-json\/wp\/v2\/comments?post=2066"}],"version-history":[{"count":6,"href":"https:\/\/sunrise-steel.com\/en\/wp-json\/wp\/v2\/pages\/2066\/revisions"}],"predecessor-version":[{"id":2860,"href":"https:\/\/sunrise-steel.com\/en\/wp-json\/wp\/v2\/pages\/2066\/revisions\/2860"}],"wp:attachment":[{"href":"https:\/\/sunrise-steel.com\/en\/wp-json\/wp\/v2\/media?parent=2066"}],"curies":[{"name":"wp","href":"https:\/\/api.w.org\/{rel}","templated":true}]}}